{"id":17,"date":"2014-08-21T12:31:53","date_gmt":"2014-08-21T12:31:53","guid":{"rendered":"http:\/\/frisch-gestrichen.com\/wordpress\/?page_id=17"},"modified":"2018-07-25T06:11:44","modified_gmt":"2018-07-25T06:11:44","slug":"das-orchester","status":"publish","type":"page","link":"https:\/\/frisch-gestrichen.com\/?page_id=17","title":{"rendered":"Das Orchester"},"content":{"rendered":"<p>Frisch, frischer, \u201eFrisch gestrichen\u201c: H\u00f6rt man diesen Ruf hinter dem Vorhang eines Theaters, eines Konzertsaales, einer Open-Air B\u00fchne oder anderen Kulissen, dann erwartet die Zuh\u00f6rer ein junges und jung-gebliebenes Streichorchester: \u201eFrisch gestrichen\u201c.<\/p>\n<p>Wir sind ein freches, modernes Orchester, das gerne das Publikum mit \u201eklangfarbenreichen\u201c und pfiffigen Arrangements f\u00fcr Streicher, Klavier und Percussion von Barock bis Rock unterh\u00e4lt \u2013 und das seit 1994. Unser Repertoire umfasst dabei haupts\u00e4chlich Titel aus der Unterhaltungsmusik des 20. Jahrhunderts wie zum Beispiel Oldies, Swing und Filmmusik. Mitgrooven, mitklatschen, mitsingen oder einfach zur\u00fccklehnen und still genie\u00dfen ist \u2013 laut unserem Dirigenten, Berufsgeiger bei den M\u00fcnchner Philharmonikern \u2013 strengstens erlaubt. Denn Spa\u00df an der Musik verbindet, egal wie.<\/p>\n<p>Viele treue Fans besuchen unsere j\u00e4hrlich stattfindenden Konzerte: so das Benefizkonzert im Kursaal Bad W\u00f6rishofen und unser \u201eMondlicht-Open-Air\u201c, das die Stadt Mindelheim immer am ersten Wochenende im August veranstaltet und mit einem Feuerwerk beeindruckend beendet.<\/p>\n<p>Falls Sie uns noch nicht kennen: wir w\u00fcrden uns nat\u00fcrlich freuen, auch Sie als Zuh\u00f6rer einer unserer n\u00e4chsten Auftritte begr\u00fc\u00dfen zu d\u00fcrfen. Bekommen Sie hier auf der Homepage einen ersten Eindruck von \u201eFrisch gestrichen\u201c und vielleicht sehen wir und h\u00f6ren Sie uns ja bald live!<\/p>\n<h2>Das sagt die Presse \u00fcber uns<\/h2>\n<p>\t\t\t\t\t\t<div class=\"gallery_box_single\">\n\t\t\t\t\t\t\t\t\t\t\t\t\t\t\t<div class=\"gallery gllr_grid\" data-gllr-columns=\"3\" data-gllr-border-width=\"10\">\n\t\t\t\t\t\t\t\t\t\t\t\t\t\t\t\t\t\t\t\t<div class=\"gllr_image_row\">\n\t\t\t\t\t\t\t\t\t\t\t\t\t\t\t\t\t\t\t\t\t<div class=\"gllr_image_block\">\n\t\t\t\t\t\t\t\t\t\t\t\t<p style=\"\n\t\t\t\t\t\t\t\t\t\t\t\twidth:170px;height:170px;\t\t\t\t\t\t\t\t\t\t\t\t\">\n\t\t\t\t\t\t\t\t\t\t\t\t\t\t\t\t\t\t\t\t\t\t\t\t\t\t\t\t<a data-fancybox=\"gallery_fancybox_435\" href=\"https:\/\/frisch-gestrichen.com:443\/wordpress\/wp-content\/uploads\/2014\/10\/mz_jesuitenkirche_25-1024x574.jpeg\" title=\"\" >\n\t\t\t\t\t\t\t\t\t\t\t\t\t\t\t\t<img decoding=\"async\" width=&quot;150&quot; height=&quot;150&quot; style=\"width:150px; height:150px; border-width: 10px; border-color:#F1F1F1;border: 10px solid #F1F1F1\" alt=\"\" title=\"\" src=\"https:\/\/frisch-gestrichen.com:443\/wordpress\/wp-content\/uploads\/2014\/10\/mz_jesuitenkirche_25-150x150.jpeg\" rel=\"https:\/\/frisch-gestrichen.com:443\/wordpress\/wp-content\/uploads\/2014\/10\/mz_jesuitenkirche_25.jpeg\" \/>\t\t\t\t\t\t\t\t\t\t\t\t\t\t\t<\/a>\n\t\t\t\t\t\t\t\t\t\t\t\t\t\t\t\t\t\t\t\t\t\t\t\t\t\t<\/p>\n\t\t\t\t\t\t\t\t\t\t\t\t\t\t\t\t\t\t\t\t\t\t\t\t\t<div \n\t\t\t\t\t\t\t\t\t\t\t\t\tstyle=\"width:170px;\"\t\t\t\t\t\t\t\t\t\t\t\t\tclass=\"gllr_single_image_text gllr_single_image_text_under\">&nbsp;<\/div>\n\t\t\t\t\t\t\t\t\t\t\t\t\t\t\t\t\t\t\t\t\t\t\t<\/div><!-- .gllr_image_block -->\n\t\t\t\t\t\t\t\t\t\t\t\t\t\t\t\t\t\t\t\t\t<div class=\"gllr_image_block\">\n\t\t\t\t\t\t\t\t\t\t\t\t<p style=\"\n\t\t\t\t\t\t\t\t\t\t\t\twidth:170px;height:170px;\t\t\t\t\t\t\t\t\t\t\t\t\">\n\t\t\t\t\t\t\t\t\t\t\t\t\t\t\t\t\t\t\t\t\t\t\t\t\t\t\t\t<a data-fancybox=\"gallery_fancybox_435\" href=\"https:\/\/frisch-gestrichen.com:443\/wordpress\/wp-content\/uploads\/2014\/10\/WhatsApp-Image-2024-07-28-at-21.27.42-595x1024.jpeg\" title=\"Open Air 2024\" >\n\t\t\t\t\t\t\t\t\t\t\t\t\t\t\t\t<img decoding=\"async\" width=&quot;150&quot; height=&quot;150&quot; style=\"width:150px; height:150px; border-width: 10px; border-color:#F1F1F1;border: 10px solid #F1F1F1\" alt=\"\" title=\"Open Air 2024\" src=\"https:\/\/frisch-gestrichen.com:443\/wordpress\/wp-content\/uploads\/2014\/10\/WhatsApp-Image-2024-07-28-at-21.27.42-150x150.jpeg\" rel=\"https:\/\/frisch-gestrichen.com:443\/wordpress\/wp-content\/uploads\/2014\/10\/WhatsApp-Image-2024-07-28-at-21.27.42.jpeg\" \/>\t\t\t\t\t\t\t\t\t\t\t\t\t\t\t<\/a>\n\t\t\t\t\t\t\t\t\t\t\t\t\t\t\t\t\t\t\t\t\t\t\t\t\t\t<\/p>\n\t\t\t\t\t\t\t\t\t\t\t\t\t\t\t\t\t\t\t\t\t\t\t\t\t<div \n\t\t\t\t\t\t\t\t\t\t\t\t\tstyle=\"width:170px;\"\t\t\t\t\t\t\t\t\t\t\t\t\tclass=\"gllr_single_image_text gllr_single_image_text_under\">Open Air 2024&nbsp;<\/div>\n\t\t\t\t\t\t\t\t\t\t\t\t\t\t\t\t\t\t\t\t\t\t\t<\/div><!-- .gllr_image_block -->\n\t\t\t\t\t\t\t\t\t\t\t\t\t\t\t\t\t\t\t\t\t<div class=\"gllr_image_block\">\n\t\t\t\t\t\t\t\t\t\t\t\t<p style=\"\n\t\t\t\t\t\t\t\t\t\t\t\twidth:170px;height:170px;\t\t\t\t\t\t\t\t\t\t\t\t\">\n\t\t\t\t\t\t\t\t\t\t\t\t\t\t\t\t\t\t\t\t\t\t\t\t\t\t\t\t<a data-fancybox=\"gallery_fancybox_435\" href=\"https:\/\/frisch-gestrichen.com:443\/wordpress\/wp-content\/uploads\/2014\/10\/IMG-20221004-WA0007.jpg\" title=\"Jahreskonzerte 2022\" >\n\t\t\t\t\t\t\t\t\t\t\t\t\t\t\t\t<img decoding=\"async\" width=&quot;150&quot; height=&quot;150&quot; style=\"width:150px; height:150px; border-width: 10px; border-color:#F1F1F1;border: 10px solid #F1F1F1\" alt=\"\" title=\"Jahreskonzerte 2022\" src=\"https:\/\/frisch-gestrichen.com:443\/wordpress\/wp-content\/uploads\/2014\/10\/IMG-20221004-WA0007-150x150.jpg\" rel=\"https:\/\/frisch-gestrichen.com:443\/wordpress\/wp-content\/uploads\/2014\/10\/IMG-20221004-WA0007.jpg\" \/>\t\t\t\t\t\t\t\t\t\t\t\t\t\t\t<\/a>\n\t\t\t\t\t\t\t\t\t\t\t\t\t\t\t\t\t\t\t\t\t\t\t\t\t\t<\/p>\n\t\t\t\t\t\t\t\t\t\t\t\t\t\t\t\t\t\t\t\t\t\t\t\t\t<div \n\t\t\t\t\t\t\t\t\t\t\t\t\tstyle=\"width:170px;\"\t\t\t\t\t\t\t\t\t\t\t\t\tclass=\"gllr_single_image_text gllr_single_image_text_under\">Jahreskonzerte 2022&nbsp;<\/div>\n\t\t\t\t\t\t\t\t\t\t\t\t\t\t\t\t\t\t\t\t\t\t\t<\/div><!-- .gllr_image_block -->\n\t\t\t\t\t\t\t\t\t\t\t\t\t\t\t\t\t\t\t\t\t<\/div><!-- .gllr_image_row -->\n\t\t\t\t\t\t\t\t\t\t\t\t\t\t\t\t\t\t\t\t\t\t<div class=\"gllr_image_row\">\n\t\t\t\t\t\t\t\t\t\t\t\t\t\t\t\t\t\t\t\t\t<div class=\"gllr_image_block\">\n\t\t\t\t\t\t\t\t\t\t\t\t<p style=\"\n\t\t\t\t\t\t\t\t\t\t\t\twidth:170px;height:170px;\t\t\t\t\t\t\t\t\t\t\t\t\">\n\t\t\t\t\t\t\t\t\t\t\t\t\t\t\t\t\t\t\t\t\t\t\t\t\t\t\t\t<a data-fancybox=\"gallery_fancybox_435\" href=\"https:\/\/frisch-gestrichen.com:443\/wordpress\/wp-content\/uploads\/2014\/10\/mz_mondlicht_2022-930x1024.png\" title=\"Mondlicht Open Air 2022\" >\n\t\t\t\t\t\t\t\t\t\t\t\t\t\t\t\t<img decoding=\"async\" width=&quot;150&quot; height=&quot;150&quot; style=\"width:150px; height:150px; border-width: 10px; border-color:#F1F1F1;border: 10px solid #F1F1F1\" alt=\"\" title=\"Mondlicht Open Air 2022\" src=\"https:\/\/frisch-gestrichen.com:443\/wordpress\/wp-content\/uploads\/2014\/10\/mz_mondlicht_2022-150x150.png\" rel=\"https:\/\/frisch-gestrichen.com:443\/wordpress\/wp-content\/uploads\/2014\/10\/mz_mondlicht_2022.png\" \/>\t\t\t\t\t\t\t\t\t\t\t\t\t\t\t<\/a>\n\t\t\t\t\t\t\t\t\t\t\t\t\t\t\t\t\t\t\t\t\t\t\t\t\t\t<\/p>\n\t\t\t\t\t\t\t\t\t\t\t\t\t\t\t\t\t\t\t\t\t\t\t\t\t<div \n\t\t\t\t\t\t\t\t\t\t\t\t\tstyle=\"width:170px;\"\t\t\t\t\t\t\t\t\t\t\t\t\tclass=\"gllr_single_image_text gllr_single_image_text_under\">Mondlicht Open Air 2022&nbsp;<\/div>\n\t\t\t\t\t\t\t\t\t\t\t\t\t\t\t\t\t\t\t\t\t\t\t<\/div><!-- .gllr_image_block -->\n\t\t\t\t\t\t\t\t\t\t\t\t\t\t\t\t\t\t\t\t\t<div class=\"gllr_image_block\">\n\t\t\t\t\t\t\t\t\t\t\t\t<p style=\"\n\t\t\t\t\t\t\t\t\t\t\t\twidth:170px;height:170px;\t\t\t\t\t\t\t\t\t\t\t\t\">\n\t\t\t\t\t\t\t\t\t\t\t\t\t\t\t\t\t\t\t\t\t\t\t\t\t\t\t\t<a data-fancybox=\"gallery_fancybox_435\" href=\"https:\/\/frisch-gestrichen.com:443\/wordpress\/wp-content\/uploads\/2019\/11\/2019_zeitungsartikel_jahreskonzert.jpg\" title=\"Jubil\u00e4umskonzert 2019\" >\n\t\t\t\t\t\t\t\t\t\t\t\t\t\t\t\t<img decoding=\"async\" width=&quot;150&quot; height=&quot;150&quot; style=\"width:150px; height:150px; border-width: 10px; border-color:#F1F1F1;border: 10px solid #F1F1F1\" alt=\"\" title=\"Jubil\u00e4umskonzert 2019\" src=\"https:\/\/frisch-gestrichen.com:443\/wordpress\/wp-content\/uploads\/2019\/11\/2019_zeitungsartikel_jahreskonzert-150x150.jpg\" rel=\"https:\/\/frisch-gestrichen.com:443\/wordpress\/wp-content\/uploads\/2019\/11\/2019_zeitungsartikel_jahreskonzert.jpg\" \/>\t\t\t\t\t\t\t\t\t\t\t\t\t\t\t<\/a>\n\t\t\t\t\t\t\t\t\t\t\t\t\t\t\t\t\t\t\t\t\t\t\t\t\t\t<\/p>\n\t\t\t\t\t\t\t\t\t\t\t\t\t\t\t\t\t\t\t\t\t\t\t\t\t<div \n\t\t\t\t\t\t\t\t\t\t\t\t\tstyle=\"width:170px;\"\t\t\t\t\t\t\t\t\t\t\t\t\tclass=\"gllr_single_image_text gllr_single_image_text_under\">Jubil\u00e4umskonzert 2019&nbsp;<\/div>\n\t\t\t\t\t\t\t\t\t\t\t\t\t\t\t\t\t\t\t\t\t\t\t<\/div><!-- .gllr_image_block -->\n\t\t\t\t\t\t\t\t\t\t\t\t\t\t\t\t\t\t\t\t\t<div class=\"gllr_image_block\">\n\t\t\t\t\t\t\t\t\t\t\t\t<p style=\"\n\t\t\t\t\t\t\t\t\t\t\t\twidth:170px;height:170px;\t\t\t\t\t\t\t\t\t\t\t\t\">\n\t\t\t\t\t\t\t\t\t\t\t\t\t\t\t\t\t\t\t\t\t\t\t\t\t\t\t\t<a data-fancybox=\"gallery_fancybox_435\" href=\"https:\/\/frisch-gestrichen.com:443\/wordpress\/wp-content\/uploads\/2018\/11\/fg_mz_2018.jpg\" title=\"Jahreskonzerte_2018\" >\n\t\t\t\t\t\t\t\t\t\t\t\t\t\t\t\t<img decoding=\"async\" width=&quot;150&quot; height=&quot;150&quot; style=\"width:150px; height:150px; border-width: 10px; border-color:#F1F1F1;border: 10px solid #F1F1F1\" alt=\"\" title=\"Jahreskonzerte_2018\" src=\"https:\/\/frisch-gestrichen.com:443\/wordpress\/wp-content\/uploads\/2018\/11\/fg_mz_2018-150x150.jpg\" rel=\"https:\/\/frisch-gestrichen.com:443\/wordpress\/wp-content\/uploads\/2018\/11\/fg_mz_2018.jpg\" \/>\t\t\t\t\t\t\t\t\t\t\t\t\t\t\t<\/a>\n\t\t\t\t\t\t\t\t\t\t\t\t\t\t\t\t\t\t\t\t\t\t\t\t\t\t<\/p>\n\t\t\t\t\t\t\t\t\t\t\t\t\t\t\t\t\t\t\t\t\t\t\t\t\t<div \n\t\t\t\t\t\t\t\t\t\t\t\t\tstyle=\"width:170px;\"\t\t\t\t\t\t\t\t\t\t\t\t\tclass=\"gllr_single_image_text gllr_single_image_text_under\">Jahreskonzerte_2018&nbsp;<\/div>\n\t\t\t\t\t\t\t\t\t\t\t\t\t\t\t\t\t\t\t\t\t\t\t<\/div><!-- .gllr_image_block -->\n\t\t\t\t\t\t\t\t\t\t\t\t\t\t\t\t\t\t\t\t\t<\/div><!-- .gllr_image_row -->\n\t\t\t\t\t\t\t\t\t\t\t\t\t\t\t\t\t\t\t\t\t\t<div class=\"gllr_image_row\">\n\t\t\t\t\t\t\t\t\t\t\t\t\t\t\t\t\t\t\t\t\t<div class=\"gllr_image_block\">\n\t\t\t\t\t\t\t\t\t\t\t\t<p style=\"\n\t\t\t\t\t\t\t\t\t\t\t\twidth:170px;height:170px;\t\t\t\t\t\t\t\t\t\t\t\t\">\n\t\t\t\t\t\t\t\t\t\t\t\t\t\t\t\t\t\t\t\t\t\t\t\t\t\t\t\t<a data-fancybox=\"gallery_fancybox_435\" href=\"https:\/\/frisch-gestrichen.com:443\/wordpress\/wp-content\/uploads\/2014\/10\/bericht_mz_fruehlingskonzert-1024x441.jpg\" title=\"Fruehlingskonzert_2017\" >\n\t\t\t\t\t\t\t\t\t\t\t\t\t\t\t\t<img decoding=\"async\" width=&quot;150&quot; height=&quot;150&quot; style=\"width:150px; height:150px; border-width: 10px; border-color:#F1F1F1;border: 10px solid #F1F1F1\" alt=\"\" title=\"Fruehlingskonzert_2017\" src=\"https:\/\/frisch-gestrichen.com:443\/wordpress\/wp-content\/uploads\/2014\/10\/bericht_mz_fruehlingskonzert-150x150.jpg\" rel=\"https:\/\/frisch-gestrichen.com:443\/wordpress\/wp-content\/uploads\/2014\/10\/bericht_mz_fruehlingskonzert.jpg\" \/>\t\t\t\t\t\t\t\t\t\t\t\t\t\t\t<\/a>\n\t\t\t\t\t\t\t\t\t\t\t\t\t\t\t\t\t\t\t\t\t\t\t\t\t\t<\/p>\n\t\t\t\t\t\t\t\t\t\t\t\t\t\t\t\t\t\t\t\t\t\t\t\t\t<div \n\t\t\t\t\t\t\t\t\t\t\t\t\tstyle=\"width:170px;\"\t\t\t\t\t\t\t\t\t\t\t\t\tclass=\"gllr_single_image_text gllr_single_image_text_under\">Fruehlingskonzert_2017&nbsp;<\/div>\n\t\t\t\t\t\t\t\t\t\t\t\t\t\t\t\t\t\t\t\t\t\t\t<\/div><!-- .gllr_image_block -->\n\t\t\t\t\t\t\t\t\t\t\t\t\t\t\t\t\t\t\t\t\t<div class=\"gllr_image_block\">\n\t\t\t\t\t\t\t\t\t\t\t\t<p style=\"\n\t\t\t\t\t\t\t\t\t\t\t\twidth:170px;height:170px;\t\t\t\t\t\t\t\t\t\t\t\t\">\n\t\t\t\t\t\t\t\t\t\t\t\t\t\t\t\t\t\t\t\t\t\t\t\t\t\t\t\t<a data-fancybox=\"gallery_fancybox_435\" href=\"https:\/\/frisch-gestrichen.com:443\/wordpress\/wp-content\/uploads\/2014\/10\/2016_zeitungsbericht_jahreskonzert-1024x737.jpg\" title=\"Jahreskonzerte_2016\" >\n\t\t\t\t\t\t\t\t\t\t\t\t\t\t\t\t<img decoding=\"async\" width=&quot;150&quot; height=&quot;150&quot; style=\"width:150px; height:150px; border-width: 10px; border-color:#F1F1F1;border: 10px solid #F1F1F1\" alt=\"\" title=\"Jahreskonzerte_2016\" src=\"https:\/\/frisch-gestrichen.com:443\/wordpress\/wp-content\/uploads\/2014\/10\/2016_zeitungsbericht_jahreskonzert-150x150.jpg\" rel=\"https:\/\/frisch-gestrichen.com:443\/wordpress\/wp-content\/uploads\/2014\/10\/2016_zeitungsbericht_jahreskonzert.jpg\" \/>\t\t\t\t\t\t\t\t\t\t\t\t\t\t\t<\/a>\n\t\t\t\t\t\t\t\t\t\t\t\t\t\t\t\t\t\t\t\t\t\t\t\t\t\t<\/p>\n\t\t\t\t\t\t\t\t\t\t\t\t\t\t\t\t\t\t\t\t\t\t\t\t\t<div \n\t\t\t\t\t\t\t\t\t\t\t\t\tstyle=\"width:170px;\"\t\t\t\t\t\t\t\t\t\t\t\t\tclass=\"gllr_single_image_text gllr_single_image_text_under\">Jahreskonzerte_2016&nbsp;<\/div>\n\t\t\t\t\t\t\t\t\t\t\t\t\t\t\t\t\t\t\t\t\t\t\t<\/div><!-- .gllr_image_block -->\n\t\t\t\t\t\t\t\t\t\t\t\t\t\t\t\t\t\t\t\t\t<div class=\"gllr_image_block\">\n\t\t\t\t\t\t\t\t\t\t\t\t<p style=\"\n\t\t\t\t\t\t\t\t\t\t\t\twidth:170px;height:170px;\t\t\t\t\t\t\t\t\t\t\t\t\">\n\t\t\t\t\t\t\t\t\t\t\t\t\t\t\t\t\t\t\t\t\t\t\t\t\t\t\t\t<a data-fancybox=\"gallery_fancybox_435\" href=\"https:\/\/frisch-gestrichen.com:443\/wordpress\/wp-content\/uploads\/2014\/10\/rotarier_11.jpg\" title=\"Rotary_BW_11\" >\n\t\t\t\t\t\t\t\t\t\t\t\t\t\t\t\t<img decoding=\"async\" width=&quot;150&quot; height=&quot;150&quot; style=\"width:150px; height:150px; border-width: 10px; border-color:#F1F1F1;border: 10px solid #F1F1F1\" alt=\"\" title=\"Rotary_BW_11\" src=\"https:\/\/frisch-gestrichen.com:443\/wordpress\/wp-content\/uploads\/2014\/10\/rotarier_11.jpg\" rel=\"https:\/\/frisch-gestrichen.com:443\/wordpress\/wp-content\/uploads\/2014\/10\/rotarier_11.jpg\" \/>\t\t\t\t\t\t\t\t\t\t\t\t\t\t\t<\/a>\n\t\t\t\t\t\t\t\t\t\t\t\t\t\t\t\t\t\t\t\t\t\t\t\t\t\t<\/p>\n\t\t\t\t\t\t\t\t\t\t\t\t\t\t\t\t\t\t\t\t\t\t\t\t\t<div \n\t\t\t\t\t\t\t\t\t\t\t\t\tstyle=\"width:170px;\"\t\t\t\t\t\t\t\t\t\t\t\t\tclass=\"gllr_single_image_text gllr_single_image_text_under\">Rotary_BW_11&nbsp;<\/div>\n\t\t\t\t\t\t\t\t\t\t\t\t\t\t\t\t\t\t\t\t\t\t\t<\/div><!-- .gllr_image_block -->\n\t\t\t\t\t\t\t\t\t\t\t\t\t\t\t\t\t\t\t\t\t<\/div><!-- .gllr_image_row -->\n\t\t\t\t\t\t\t\t\t\t\t\t\t\t\t\t\t\t\t\t\t\t<div class=\"gllr_image_row\">\n\t\t\t\t\t\t\t\t\t\t\t\t\t\t\t\t\t\t\t\t\t<div class=\"gllr_image_block\">\n\t\t\t\t\t\t\t\t\t\t\t\t<p style=\"\n\t\t\t\t\t\t\t\t\t\t\t\twidth:170px;height:170px;\t\t\t\t\t\t\t\t\t\t\t\t\">\n\t\t\t\t\t\t\t\t\t\t\t\t\t\t\t\t\t\t\t\t\t\t\t\t\t\t\t\t<a data-fancybox=\"gallery_fancybox_435\" href=\"https:\/\/frisch-gestrichen.com:443\/wordpress\/wp-content\/uploads\/2014\/10\/jahreskonzert_13-951x1024.jpg\" title=\"Jahreskonzert_13\" >\n\t\t\t\t\t\t\t\t\t\t\t\t\t\t\t\t<img decoding=\"async\" width=&quot;150&quot; height=&quot;150&quot; style=\"width:150px; height:150px; border-width: 10px; border-color:#F1F1F1;border: 10px solid #F1F1F1\" alt=\"\" title=\"Jahreskonzert_13\" src=\"https:\/\/frisch-gestrichen.com:443\/wordpress\/wp-content\/uploads\/2014\/10\/jahreskonzert_13-150x150.jpg\" rel=\"https:\/\/frisch-gestrichen.com:443\/wordpress\/wp-content\/uploads\/2014\/10\/jahreskonzert_13.jpg\" \/>\t\t\t\t\t\t\t\t\t\t\t\t\t\t\t<\/a>\n\t\t\t\t\t\t\t\t\t\t\t\t\t\t\t\t\t\t\t\t\t\t\t\t\t\t<\/p>\n\t\t\t\t\t\t\t\t\t\t\t\t\t\t\t\t\t\t\t\t\t\t\t\t\t<div \n\t\t\t\t\t\t\t\t\t\t\t\t\tstyle=\"width:170px;\"\t\t\t\t\t\t\t\t\t\t\t\t\tclass=\"gllr_single_image_text gllr_single_image_text_under\">Jahreskonzert_13&nbsp;<\/div>\n\t\t\t\t\t\t\t\t\t\t\t\t\t\t\t\t\t\t\t\t\t\t\t<\/div><!-- .gllr_image_block -->\n\t\t\t\t\t\t\t\t\t\t\t\t\t\t\t\t\t\t\t\t\t<div class=\"gllr_image_block\">\n\t\t\t\t\t\t\t\t\t\t\t\t<p style=\"\n\t\t\t\t\t\t\t\t\t\t\t\twidth:170px;height:170px;\t\t\t\t\t\t\t\t\t\t\t\t\">\n\t\t\t\t\t\t\t\t\t\t\t\t\t\t\t\t\t\t\t\t\t\t\t\t\t\t\t\t<a data-fancybox=\"gallery_fancybox_435\" href=\"https:\/\/frisch-gestrichen.com:443\/wordpress\/wp-content\/uploads\/2014\/10\/open_air_07.jpg\" title=\"Open_Air_07\" >\n\t\t\t\t\t\t\t\t\t\t\t\t\t\t\t\t<img decoding=\"async\" width=&quot;150&quot; height=&quot;150&quot; style=\"width:150px; height:150px; border-width: 10px; border-color:#F1F1F1;border: 10px solid #F1F1F1\" alt=\"\" title=\"Open_Air_07\" src=\"https:\/\/frisch-gestrichen.com:443\/wordpress\/wp-content\/uploads\/2014\/10\/open_air_07.jpg\" rel=\"https:\/\/frisch-gestrichen.com:443\/wordpress\/wp-content\/uploads\/2014\/10\/open_air_07.jpg\" \/>\t\t\t\t\t\t\t\t\t\t\t\t\t\t\t<\/a>\n\t\t\t\t\t\t\t\t\t\t\t\t\t\t\t\t\t\t\t\t\t\t\t\t\t\t<\/p>\n\t\t\t\t\t\t\t\t\t\t\t\t\t\t\t\t\t\t\t\t\t\t\t\t\t<div \n\t\t\t\t\t\t\t\t\t\t\t\t\tstyle=\"width:170px;\"\t\t\t\t\t\t\t\t\t\t\t\t\tclass=\"gllr_single_image_text gllr_single_image_text_under\">Open_Air_07&nbsp;<\/div>\n\t\t\t\t\t\t\t\t\t\t\t\t\t\t\t\t\t\t\t\t\t\t\t<\/div><!-- .gllr_image_block -->\n\t\t\t\t\t\t\t\t\t\t\t\t\t\t\t\t\t\t\t\t\t<div class=\"gllr_image_block\">\n\t\t\t\t\t\t\t\t\t\t\t\t<p style=\"\n\t\t\t\t\t\t\t\t\t\t\t\twidth:170px;height:170px;\t\t\t\t\t\t\t\t\t\t\t\t\">\n\t\t\t\t\t\t\t\t\t\t\t\t\t\t\t\t\t\t\t\t\t\t\t\t\t\t\t\t<a data-fancybox=\"gallery_fancybox_435\" href=\"https:\/\/frisch-gestrichen.com:443\/wordpress\/wp-content\/uploads\/2014\/10\/jahreskonzert_09.jpg\" title=\"Jahreskonzert_09\" >\n\t\t\t\t\t\t\t\t\t\t\t\t\t\t\t\t<img decoding=\"async\" width=&quot;150&quot; height=&quot;150&quot; style=\"width:150px; height:150px; border-width: 10px; border-color:#F1F1F1;border: 10px solid #F1F1F1\" alt=\"\" title=\"Jahreskonzert_09\" src=\"https:\/\/frisch-gestrichen.com:443\/wordpress\/wp-content\/uploads\/2014\/10\/jahreskonzert_09.jpg\" rel=\"https:\/\/frisch-gestrichen.com:443\/wordpress\/wp-content\/uploads\/2014\/10\/jahreskonzert_09.jpg\" \/>\t\t\t\t\t\t\t\t\t\t\t\t\t\t\t<\/a>\n\t\t\t\t\t\t\t\t\t\t\t\t\t\t\t\t\t\t\t\t\t\t\t\t\t\t<\/p>\n\t\t\t\t\t\t\t\t\t\t\t\t\t\t\t\t\t\t\t\t\t\t\t\t\t<div \n\t\t\t\t\t\t\t\t\t\t\t\t\tstyle=\"width:170px;\"\t\t\t\t\t\t\t\t\t\t\t\t\tclass=\"gllr_single_image_text gllr_single_image_text_under\">Jahreskonzert_09&nbsp;<\/div>\n\t\t\t\t\t\t\t\t\t\t\t\t\t\t\t\t\t\t\t\t\t\t\t<\/div><!-- .gllr_image_block -->\n\t\t\t\t\t\t\t\t\t\t\t\t\t\t\t\t\t\t\t\t\t<\/div><!-- .gllr_image_row -->\n\t\t\t\t\t\t\t\t\t\t\t\t\t\t\t\t\t\t\t\t\t\t<div class=\"gllr_image_row\">\n\t\t\t\t\t\t\t\t\t\t\t\t\t\t\t\t\t\t\t\t\t<div class=\"gllr_image_block\">\n\t\t\t\t\t\t\t\t\t\t\t\t<p style=\"\n\t\t\t\t\t\t\t\t\t\t\t\twidth:170px;height:170px;\t\t\t\t\t\t\t\t\t\t\t\t\">\n\t\t\t\t\t\t\t\t\t\t\t\t\t\t\t\t\t\t\t\t\t\t\t\t\t\t\t\t<a data-fancybox=\"gallery_fancybox_435\" href=\"https:\/\/frisch-gestrichen.com:443\/wordpress\/wp-content\/uploads\/2014\/10\/open_air_2013.jpg\" title=\"Open_Air_13\" >\n\t\t\t\t\t\t\t\t\t\t\t\t\t\t\t\t<img decoding=\"async\" width=&quot;150&quot; height=&quot;150&quot; style=\"width:150px; height:150px; border-width: 10px; border-color:#F1F1F1;border: 10px solid #F1F1F1\" alt=\"\" title=\"Open_Air_13\" src=\"https:\/\/frisch-gestrichen.com:443\/wordpress\/wp-content\/uploads\/2014\/10\/open_air_2013.jpg\" rel=\"https:\/\/frisch-gestrichen.com:443\/wordpress\/wp-content\/uploads\/2014\/10\/open_air_2013.jpg\" \/>\t\t\t\t\t\t\t\t\t\t\t\t\t\t\t<\/a>\n\t\t\t\t\t\t\t\t\t\t\t\t\t\t\t\t\t\t\t\t\t\t\t\t\t\t<\/p>\n\t\t\t\t\t\t\t\t\t\t\t\t\t\t\t\t\t\t\t\t\t\t\t\t\t<div \n\t\t\t\t\t\t\t\t\t\t\t\t\tstyle=\"width:170px;\"\t\t\t\t\t\t\t\t\t\t\t\t\tclass=\"gllr_single_image_text gllr_single_image_text_under\">Open_Air_13&nbsp;<\/div>\n\t\t\t\t\t\t\t\t\t\t\t\t\t\t\t\t\t\t\t\t\t\t\t<\/div><!-- .gllr_image_block -->\n\t\t\t\t\t\t\t\t\t\t\t\t\t\t\t\t\t\t\t\t\t<div class=\"gllr_image_block\">\n\t\t\t\t\t\t\t\t\t\t\t\t<p style=\"\n\t\t\t\t\t\t\t\t\t\t\t\twidth:170px;height:170px;\t\t\t\t\t\t\t\t\t\t\t\t\">\n\t\t\t\t\t\t\t\t\t\t\t\t\t\t\t\t\t\t\t\t\t\t\t\t\t\t\t\t<a data-fancybox=\"gallery_fancybox_435\" href=\"https:\/\/frisch-gestrichen.com:443\/wordpress\/wp-content\/uploads\/2014\/11\/jahreskonzert_14.JPG\" title=\"Jahreskonzert_14\" >\n\t\t\t\t\t\t\t\t\t\t\t\t\t\t\t\t<img decoding=\"async\" width=&quot;150&quot; height=&quot;150&quot; style=\"width:150px; height:150px; border-width: 10px; border-color:#F1F1F1;border: 10px solid #F1F1F1\" alt=\"\" title=\"Jahreskonzert_14\" src=\"https:\/\/frisch-gestrichen.com:443\/wordpress\/wp-content\/uploads\/2014\/11\/jahreskonzert_14-150x150.jpg\" rel=\"https:\/\/frisch-gestrichen.com:443\/wordpress\/wp-content\/uploads\/2014\/11\/jahreskonzert_14.JPG\" \/>\t\t\t\t\t\t\t\t\t\t\t\t\t\t\t<\/a>\n\t\t\t\t\t\t\t\t\t\t\t\t\t\t\t\t\t\t\t\t\t\t\t\t\t\t<\/p>\n\t\t\t\t\t\t\t\t\t\t\t\t\t\t\t\t\t\t\t\t\t\t\t\t\t<div \n\t\t\t\t\t\t\t\t\t\t\t\t\tstyle=\"width:170px;\"\t\t\t\t\t\t\t\t\t\t\t\t\tclass=\"gllr_single_image_text gllr_single_image_text_under\">Jahreskonzert_14&nbsp;<\/div>\n\t\t\t\t\t\t\t\t\t\t\t\t\t\t\t\t\t\t\t\t\t\t\t<\/div><!-- .gllr_image_block -->\n\t\t\t\t\t\t\t\t\t\t\t\t\t\t\t\t\t\t\t\t\t<div class=\"clear\"><\/div>\n\t\t\t\t\t\t\t\t\t\t<\/div><!-- .gllr_image_row -->\n\t\t\t\t\t\t\t\t\t\t\t\t\t\t\t\t\t<\/div><!-- .gallery.clearfix -->\n\t\t\t\t\t\t\t\t\t\t\t\t\t\t<\/div><!-- .gallery_box_single -->\n\t\t\t\t\t\t<div class=\"gllr_clear\"><\/div>\n\t\t\t\t\t\t<br \/>\n<!--\n&nbsp;\n\n\n<h2>\"Frisch gestrichen\", das sind...<\/h2>\n\n\n\n\n<h2>Dirigent<\/h2>\n\n\n\n\n<table>\n\n\n<tbody>\n\n\n<tr>\n\n\n<td>Nils Schad<\/td>\n\n\n<\/tr>\n\n\n<\/tbody>\n\n\n<\/table>\n\n\n\n\n<h2>1. Violine<\/h2>\n\n\n\n\n<table>\n\n\n<tbody>\n\n\n<tr>\n\n\n<td>Annika Abt\nMagdalena Deigendesch\nNora Eiden\nSibylle Franke\nMonika Mayrock\nBeate Schad\nJulian Schad\nLaura Schmid\nMaurizia Schmid\nChristiane Schulte\nVeronika S\u00fc\u00df\nSophia Thalmann\nVerena Thalmann\nMagdalena Waydande<\/td>\n\n\n<\/tr>\n\n\n<\/tbody>\n\n\n<\/table>\n\n\n\n\n<h2>2. Violine<\/h2>\n\n\n\n\n<table>\n\n\n<tbody>\n\n\n<tr>\n\n\n<td>Lisa Gro\u00dfmann\nJohannes Jaitner\nMaria Kerler\nBrigitte Mayer\nAnita Melzer\nElisabeth Paulus\nNicola Pointner\nBirte Richter\nClara Steber\nAdriana Ullrich\nValentina Ullrich\nRainer Wenzel\nAnna Wesseli\nKatharina Wesseli\nMonika Wesseli<\/td>\n\n\n<\/tr>\n\n\n<\/tbody>\n\n\n<\/table>\n\n\n\n\n<h2>3. Violine<\/h2>\n\n\n\n\n<table>\n\n\n<tbody>\n\n\n<tr>\n\n\n<td>Julia Abt\nAntonia von Ellerts\nLudwig Hock\nDonna Hootz\nHannah Kessler\nLeonie Marchner\nElisabeth Paulus\nAntonia Petznik\nBirte Richter\nNicolas Schad\nAnna-Sophia Schneider\nJulia Streitel\nKatharina S\u00fc\u00df<\/td>\n\n\n<\/tr>\n\n\n<\/tbody>\n\n\n<\/table>\n\n\n\n\n<h2>Bratsche<\/h2>\n\n\n\n\n<table>\n\n\n<tbody>\n\n\n<tr>\n\n\n<td>Max Bauer\nAngela B\u00f6rner\nUlrich Epple\nJennifer Fl\u00f6gel\nEllen Gebhard\nJohannes H\u00f6gel\nSabine Loos\nKatharina Schmid\nAnissa Schmidt-M\u00f6\u00dfinger\nMagdalena S\u00fc\u00df<\/td>\n\n\n<\/tr>\n\n\n<\/tbody>\n\n\n<\/table>\n\n\n\n\n<h2>Cello<\/h2>\n\n\n\n\n<table>\n\n\n<tbody>\n\n\n<tr>\n\n\n<td>Uschi Abt\nElias Kagermaier\nBenedikt Loos\nMarkus Mayrock\nVanessa Rehberg\nEmanuel Schad\nFlorian Schad\nLeo S\u00fc\u00df\nMatthias Thalmann\nViktoria Winter<\/td>\n\n\n<\/tr>\n\n\n<\/tbody>\n\n\n<\/table>\n\n\n\n\n<h2>Kontrabass<\/h2>\n\n\n\n\n<table>\n\n\n<tbody>\n\n\n<tr>\n\n\n<td>Wolfgang Glasmann\nGeorg Kamjunke<\/td>\n\n\n<\/tr>\n\n\n<\/tbody>\n\n\n<\/table>\n\n\n\n\n<h2>Klavier<\/h2>\n\n\n\n\n<table>\n\n\n<tbody>\n\n\n<tr>\n\n\n<td>Christian Friese<\/td>\n\n\n<\/tr>\n\n\n<\/tbody>\n\n\n<\/table>\n\n\n\n\n<h2>Schlagzeug<\/h2>\n\n\n\n\n<table>\n\n\n<tbody>\n\n\n<tr>\n\n\n<td>Ralf Wohlfahrt<\/td>\n\n\n<\/tr>\n\n\n<\/tbody>\n\n\n<\/table>\n\n\n&nbsp;\n--><\/p>\n","protected":false},"excerpt":{"rendered":"<p>Frisch, frischer, \u201eFrisch gestrichen\u201c: H\u00f6rt man diesen Ruf hinter dem Vorhang eines Theaters, eines Konzertsaales, einer Open-Air B\u00fchne oder anderen Kulissen, dann erwartet die Zuh\u00f6rer ein junges und jung-gebliebenes Streichorchester: \u201eFrisch gestrichen\u201c. Wir sind ein freches, modernes Orchester, das gerne &hellip; <a href=\"https:\/\/frisch-gestrichen.com\/?gallery=presse\">Continue reading <span class=\"meta-nav\">&rarr;<\/span><\/a><\/p>\n","protected":false},"author":1,"featured_media":0,"parent":0,"menu_order":0,"comment_status":"open","ping_status":"open","template":"","meta":{"footnotes":""},"class_list":["post-17","page","type-page","status-publish","hentry"],"_links":{"self":[{"href":"https:\/\/frisch-gestrichen.com\/index.php?rest_route=\/wp\/v2\/pages\/17","targetHints":{"allow":["GET"]}}],"collection":[{"href":"https:\/\/frisch-gestrichen.com\/index.php?rest_route=\/wp\/v2\/pages"}],"about":[{"href":"https:\/\/frisch-gestrichen.com\/index.php?rest_route=\/wp\/v2\/types\/page"}],"author":[{"embeddable":true,"href":"https:\/\/frisch-gestrichen.com\/index.php?rest_route=\/wp\/v2\/users\/1"}],"replies":[{"embeddable":true,"href":"https:\/\/frisch-gestrichen.com\/index.php?rest_route=%2Fwp%2Fv2%2Fcomments&post=17"}],"version-history":[{"count":31,"href":"https:\/\/frisch-gestrichen.com\/index.php?rest_route=\/wp\/v2\/pages\/17\/revisions"}],"predecessor-version":[{"id":1099,"href":"https:\/\/frisch-gestrichen.com\/index.php?rest_route=\/wp\/v2\/pages\/17\/revisions\/1099"}],"wp:attachment":[{"href":"https:\/\/frisch-gestrichen.com\/index.php?rest_route=%2Fwp%2Fv2%2Fmedia&parent=17"}],"curies":[{"name":"wp","href":"https:\/\/api.w.org\/{rel}","templated":true}]}}