{"id":19,"date":"2014-08-21T12:31:36","date_gmt":"2014-08-21T12:31:36","guid":{"rendered":"http:\/\/frisch-gestrichen.com\/wordpress\/?page_id=19"},"modified":"2025-12-23T17:11:55","modified_gmt":"2025-12-23T17:11:55","slug":"der-verein","status":"publish","type":"page","link":"https:\/\/frisch-gestrichen.com\/?page_id=19","title":{"rendered":"Der Verein"},"content":{"rendered":"\n<p><strong>&#8220;Frisch gestrichen! e.V.&#8221;<\/strong><\/p>\n\n\n\n<p>Seit 2010 sind wir als gemeinn\u00fctziger Verein anerkannt. Dies unterstreicht den Benefizgedanken unserer Projekte. Die Ziele unseres Orchesters sind in der Satzung festgehalten. Diese kann <a title=\"fg_satzung\" href=\"http:\/\/www.frisch-gestrichen.com\/wordpress\/wp-content\/uploads\/2014\/08\/FG_ge\u00e4nderte-satzung-vom-04.12.2011.pdf\" class=\"mtli_attachment mtli_pdf\" target=\"_blank\" rel=\"noopener\">hier<\/a> heruntergeladen werden.<\/p>\n\n\n\n<h2 class=\"wp-block-heading\">Den Reinerl\u00f6s unserer Benefizkonzerte spendeten wir:<\/h2>\n\n\n\n<figure class=\"wp-block-table\"><table><tbody><tr><td>1995<\/td><td>Lions-Club Mindelheim-Bad W\u00f6rishofen<\/td><\/tr><tr><td>1996<\/td><td>ev. Gemeinde und Albanienhilfe<\/td><\/tr><tr><td>1997<\/td><td>Behindertenkontaktgruppe Unterallg\u00e4u<\/td><\/tr><tr><td>1998<\/td><td>Unfallseelsorge von Frater Gerhard<\/td><\/tr><tr><td>1999<\/td><td>&#8220;Netz f\u00fcr Kinder&#8221;<\/td><\/tr><tr><td>2000<\/td><td>Familie Schreiber und Albanienhilfe<\/td><\/tr><tr><td>2001<\/td><td>Albanienhilfe und VdK &#8211; Waisenhaus in Russland<\/td><\/tr><tr><td>2002<\/td><td>\u201eKartei der Not\u201c<\/td><\/tr><tr><td>2003<\/td><td>Aktion Hoffnung<\/td><\/tr><tr><td>2004<\/td><td>ev. und kath. Pfarrgemeinden Mindelheim<\/td><\/tr><tr><td>2005<\/td><td>\u201eKlasse 2000\u201c<\/td><\/tr><tr><td>2006<\/td><td>St.Elisabeth-Hospiz und \u201eNetz f\u00fcr Kinder\u201c<\/td><\/tr><tr><td>2007<\/td><td>Bickenried &#8211; Resozialisierung von Drogenabh\u00e4ngigen<\/td><\/tr><tr><td>2008<\/td><td>Pfarrgemeinde T\u00fcrkheim f\u00fcr Not leidende Familien<\/td><\/tr><tr><td>2009<\/td><td>Mindelheimer Tafel und \u201eKartei der Not\u201c<\/td><\/tr><tr><td>2010<\/td><td>&#8220;Lebenshilfe&#8221;-e.V.<\/td><\/tr><tr><td>2011<\/td><td>Evangelische Gemeinde Mindelheim, Bildungsstiftung Maristenkolleg und Albanienhilfe Mindelheim<\/td><\/tr><tr><td>2012<\/td><td>B\u00fcrgerstiftung Mindelheim und Familienpflegewerk<\/td><\/tr><tr><td>2013<\/td><td>Mehrgenerationenhaus Bad W\u00f6rishofen<\/td><\/tr><tr><td>2014<\/td><td>&#8220;Kartei der Not&#8221; und F\u00f6rderverein Kreisklinik Mindelheim<\/td><\/tr><tr><td>2015<\/td><td>Kinderhospiz St. Nikolaus Bad Gr\u00f6nenbach<\/td><\/tr><tr><td>2016<\/td><td>Herzogs\u00e4gm\u00fchle Peiting<\/td><\/tr><tr><td>2017<\/td><td>Behinderten- und Versehrten-Sportgruppe des TSV Mindelheim und Rotary Club Mindelheim<\/td><\/tr><tr><td>2018<\/td><td>Herzensw\u00fcnsche e.V. und Freundeskreis der Marianne Strau\u00df Klinik Kempfenhausen<\/td><\/tr><tr><td>2019<\/td><td>F\u00f6rderverein der Kreisklinik Mindelheim und das Familienpflegewerk des Bayerischen Landesverbandes des Katholischen Deutschen Frauenbundes (KDFB) e.V.<\/td><\/tr><tr><td>2021<\/td><td>Kreisklinik Mindelheim &#8211; Intensivpflege<\/td><\/tr><tr><td>2022<\/td><td>Mindelheimer Tafel<\/td><\/tr><tr><td>2023<\/td><td>Nachbarschaftshilfe Mindelheim<\/td><\/tr><tr><td>2024<\/td><td>W\u00fcnschewagen des ASB und Hochwasserhilfe Dirlewang<\/td><\/tr><tr><td>2025<\/td><td>Kath. Kirchenstiftung St. Stephan Mindelheim<\/td><\/tr><\/tbody><\/table><\/figure>\n\n\n\n<h2 class=\"wp-block-heading\">\nVorstandschaft:<\/h2>\n\n\n\n<figure class=\"wp-block-table\"><table><tbody><tr><td>1. Vorsitzender:<\/td><td>Nils Schad<\/td><\/tr><tr><td>2. Vorsitzender:<\/td><td>Max Bauer<\/td><\/tr><tr><td>3. Vorsitzender:<\/td><td>Ulrich Epple<\/td><\/tr><\/tbody><\/table><\/figure>\n\n\n<div class=\"wp-block-image\">\n<figure class=\"aligncenter\"><img loading=\"lazy\" decoding=\"async\" width=\"300\" height=\"199\" src=\"http:\/\/www.frisch-gestrichen.com\/wordpress\/wp-content\/uploads\/2014\/08\/IMG_0324-300x199.jpg\" alt=\"IMG_0324.JPG\" class=\"wp-image-37\" title=\"Vorstandschaft\" srcset=\"https:\/\/frisch-gestrichen.com:443\/wordpress\/wp-content\/uploads\/2014\/08\/IMG_0324-300x199.jpg 300w, https:\/\/frisch-gestrichen.com:443\/wordpress\/wp-content\/uploads\/2014\/08\/IMG_0324-1024x681.jpg 1024w, https:\/\/frisch-gestrichen.com:443\/wordpress\/wp-content\/uploads\/2014\/08\/IMG_0324-450x300.jpg 450w, https:\/\/frisch-gestrichen.com:443\/wordpress\/wp-content\/uploads\/2014\/08\/IMG_0324-120x80.jpg 120w\" sizes=\"auto, (max-width: 300px) 100vw, 300px\" \/><\/figure>\n<\/div>\n\n\n<p>Als gemeinn\u00fctziger Verein sind wir auf Spenden und Mitgliedsbeitr\u00e4ge angewiesen. An dieser Stelle m\u00f6chten wir uns herzlich bei unseren F\u00f6rdermitgliedern bedanken.<\/p>\n\n\n\n<h2 class=\"wp-block-heading\">G\u00f6nner, F\u00f6rderer und Freunde:<\/h2>\n\n\n\n<figure class=\"wp-block-table\"><table><tbody><tr><td>Ludwig Pointner<\/td><td>G\u00f6nner<\/td><\/tr><tr><td>Barbara und Andreas Ulrich<\/td><td>F\u00f6rderer<\/td><\/tr><tr><td>Sigrid Marchner<\/td><td>F\u00f6rderer<\/td><\/tr><\/tbody><\/table><\/figure>\n\n\n\n<p>Wenn Sie uns auch unterst\u00fctzen m\u00f6chten, werden Sie doch F\u00f6rdermitglied! Sie erhalten regelm\u00e4\u00dfig Einladungen zu unseren Jahreskonzerten sowie verbilligte Eintrittskarten. Bei Interesse schicken Sie den ausgef\u00fcllten <a href=\"https:\/\/frisch-gestrichen.com\/wordpress\/wp-content\/uploads\/2014\/09\/Spendenflyer.pdf\" class=\"mtli_attachment mtli_pdf\" target=\"_blank\" rel=\"noopener\">Antrag<\/a> an:<\/p>\n\n\n\n<p>\u201cFrisch gestrichen! e.V.\u201d<br>\nc\/o Ursula Abt<br>\nBahnhofstr. 8<br>\n87719 Mindelheim<\/p>\n","protected":false},"excerpt":{"rendered":"<p>&#8220;Frisch gestrichen! e.V.&#8221; Seit 2010 sind wir als gemeinn\u00fctziger Verein anerkannt. Dies unterstreicht den Benefizgedanken unserer Projekte. Die Ziele unseres Orchesters sind in der Satzung festgehalten. Diese kann hier heruntergeladen werden. Den Reinerl\u00f6s unserer Benefizkonzerte spendeten wir: 1995 Lions-Club Mindelheim-Bad &hellip; <a href=\"https:\/\/frisch-gestrichen.com\/?page_id=19\">Continue reading <span class=\"meta-nav\">&rarr;<\/span><\/a><\/p>\n","protected":false},"author":1,"featured_media":0,"parent":0,"menu_order":0,"comment_status":"open","ping_status":"open","template":"","meta":{"footnotes":""},"class_list":["post-19","page","type-page","status-publish","hentry"],"_links":{"self":[{"href":"https:\/\/frisch-gestrichen.com\/index.php?rest_route=\/wp\/v2\/pages\/19","targetHints":{"allow":["GET"]}}],"collection":[{"href":"https:\/\/frisch-gestrichen.com\/index.php?rest_route=\/wp\/v2\/pages"}],"about":[{"href":"https:\/\/frisch-gestrichen.com\/index.php?rest_route=\/wp\/v2\/types\/page"}],"author":[{"embeddable":true,"href":"https:\/\/frisch-gestrichen.com\/index.php?rest_route=\/wp\/v2\/users\/1"}],"replies":[{"embeddable":true,"href":"https:\/\/frisch-gestrichen.com\/index.php?rest_route=%2Fwp%2Fv2%2Fcomments&post=19"}],"version-history":[{"count":41,"href":"https:\/\/frisch-gestrichen.com\/index.php?rest_route=\/wp\/v2\/pages\/19\/revisions"}],"predecessor-version":[{"id":1098,"href":"https:\/\/frisch-gestrichen.com\/index.php?rest_route=\/wp\/v2\/pages\/19\/revisions\/1098"}],"wp:attachment":[{"href":"https:\/\/frisch-gestrichen.com\/index.php?rest_route=%2Fwp%2Fv2%2Fmedia&parent=19"}],"curies":[{"name":"wp","href":"https:\/\/api.w.org\/{rel}","templated":true}]}}