{"id":31,"date":"2014-08-21T12:50:59","date_gmt":"2014-08-21T12:50:59","guid":{"rendered":"http:\/\/frisch-gestrichen.com\/wordpress\/?page_id=31"},"modified":"2023-10-19T10:06:31","modified_gmt":"2023-10-19T10:06:31","slug":"musik","status":"publish","type":"page","link":"https:\/\/frisch-gestrichen.com\/?page_id=31","title":{"rendered":"Musik"},"content":{"rendered":"\n<p>Unsere beiden aktuellen CDs k\u00f6nnen Sie bei der<\/p>\n\n\n\n<p><strong>Mindelheimer Zeitung<br>\nMaximilianstra\u00dfe 14<br>\n87719 Mindelheim <\/strong><\/p>\n\n\n\n<p>erwerben. <\/p>\n\n\n\n<p>Alternativ gibt es uns auch bei Spotify mit allen unseren vier Alben!<\/p>\n\n\n\n<p>Einige H\u00f6rbeispiele gibt&#8217;s hier!<\/p>\n\n\n\n<audio class=\"wp-audio-shortcode\" id=\"audio-31-1\" preload=\"none\" style=\"width: 100%;\" controls=\"controls\"><source type=\"audio\/mpeg\" src=\"https:\/\/frisch-gestrichen.com\/wordpress\/wp-content\/uploads\/2014\/09\/09-Frisch-gestrichen-_-Whiter-shade-of-pale.mp3?_=1\" \/><a href=\"https:\/\/frisch-gestrichen.com\/wordpress\/wp-content\/uploads\/2014\/09\/09-Frisch-gestrichen-_-Whiter-shade-of-pale.mp3\">https:\/\/frisch-gestrichen.com\/wordpress\/wp-content\/uploads\/2014\/09\/09-Frisch-gestrichen-_-Whiter-shade-of-pale.mp3<\/a><\/audio>\n\n\n\n<p><strong>Whiter shade of pale<\/strong><\/p>\n\n\n\n<audio class=\"wp-audio-shortcode\" id=\"audio-31-2\" preload=\"none\" style=\"width: 100%;\" controls=\"controls\"><source type=\"audio\/mpeg\" src=\"https:\/\/frisch-gestrichen.com\/wordpress\/wp-content\/uploads\/2014\/09\/10-Frisch-gestrichen-_-Love-is-in-the-air.mp3?_=2\" \/><a href=\"https:\/\/frisch-gestrichen.com\/wordpress\/wp-content\/uploads\/2014\/09\/10-Frisch-gestrichen-_-Love-is-in-the-air.mp3\">https:\/\/frisch-gestrichen.com\/wordpress\/wp-content\/uploads\/2014\/09\/10-Frisch-gestrichen-_-Love-is-in-the-air.mp3<\/a><\/audio>\n\n\n\n<p><strong><strong>Love is in the air<\/strong><\/strong><\/p>\n\n\n\n<audio class=\"wp-audio-shortcode\" id=\"audio-31-3\" preload=\"none\" style=\"width: 100%;\" controls=\"controls\"><source type=\"audio\/mpeg\" src=\"https:\/\/frisch-gestrichen.com\/wordpress\/wp-content\/uploads\/2014\/09\/15-Frisch-gestrichen-_-Jurassic-Park.mp3?_=3\" \/><a href=\"https:\/\/frisch-gestrichen.com\/wordpress\/wp-content\/uploads\/2014\/09\/15-Frisch-gestrichen-_-Jurassic-Park.mp3\">https:\/\/frisch-gestrichen.com\/wordpress\/wp-content\/uploads\/2014\/09\/15-Frisch-gestrichen-_-Jurassic-Park.mp3<\/a><\/audio>\n\n\n\n<p><strong><strong>Jurassic park<\/strong><\/strong><\/p>\n\n\n\n<audio class=\"wp-audio-shortcode\" id=\"audio-31-4\" preload=\"none\" style=\"width: 100%;\" controls=\"controls\"><source type=\"audio\/mpeg\" src=\"https:\/\/frisch-gestrichen.com\/wordpress\/wp-content\/uploads\/2014\/09\/12-Frisch-gestrichen-_-Medaillon.mp3?_=4\" \/><a href=\"https:\/\/frisch-gestrichen.com\/wordpress\/wp-content\/uploads\/2014\/09\/12-Frisch-gestrichen-_-Medaillon.mp3\">https:\/\/frisch-gestrichen.com\/wordpress\/wp-content\/uploads\/2014\/09\/12-Frisch-gestrichen-_-Medaillon.mp3<\/a><\/audio>\n\n\n\n<p><strong><strong>Fluch der Karibik &#8211; Medaillon<\/strong><\/strong><\/p>\n\n\n\n<audio class=\"wp-audio-shortcode\" id=\"audio-31-5\" preload=\"none\" style=\"width: 100%;\" controls=\"controls\"><source type=\"audio\/mpeg\" src=\"https:\/\/frisch-gestrichen.com\/wordpress\/wp-content\/uploads\/2014\/09\/01-Frisch-gestrichen-_-Big-Country.mp3?_=5\" \/><a href=\"https:\/\/frisch-gestrichen.com\/wordpress\/wp-content\/uploads\/2014\/09\/01-Frisch-gestrichen-_-Big-Country.mp3\">https:\/\/frisch-gestrichen.com\/wordpress\/wp-content\/uploads\/2014\/09\/01-Frisch-gestrichen-_-Big-Country.mp3<\/a><\/audio>\n\n\n\n<p><strong>Big country<\/strong><\/p>\n","protected":false},"excerpt":{"rendered":"<p>Unsere beiden aktuellen CDs k\u00f6nnen Sie bei der Mindelheimer Zeitung Maximilianstra\u00dfe 14 87719 Mindelheim erwerben. Alternativ gibt es uns auch bei Spotify mit allen unseren vier Alben! Einige H\u00f6rbeispiele gibt&#8217;s hier! https:\/\/frisch-gestrichen.com\/wordpress\/wp-content\/uploads\/2014\/09\/09-Frisch-gestrichen-_-Whiter-shade-of-pale.mp3 Whiter shade of pale https:\/\/frisch-gestrichen.com\/wordpress\/wp-content\/uploads\/2014\/09\/10-Frisch-gestrichen-_-Love-is-in-the-air.mp3 Love is in &hellip; <a href=\"https:\/\/frisch-gestrichen.com\/?page_id=31\">Continue reading <span class=\"meta-nav\">&rarr;<\/span><\/a><\/p>\n","protected":false},"author":1,"featured_media":0,"parent":0,"menu_order":0,"comment_status":"open","ping_status":"open","template":"","meta":{"footnotes":""},"class_list":["post-31","page","type-page","status-publish","hentry"],"_links":{"self":[{"href":"https:\/\/frisch-gestrichen.com\/index.php?rest_route=\/wp\/v2\/pages\/31","targetHints":{"allow":["GET"]}}],"collection":[{"href":"https:\/\/frisch-gestrichen.com\/index.php?rest_route=\/wp\/v2\/pages"}],"about":[{"href":"https:\/\/frisch-gestrichen.com\/index.php?rest_route=\/wp\/v2\/types\/page"}],"author":[{"embeddable":true,"href":"https:\/\/frisch-gestrichen.com\/index.php?rest_route=\/wp\/v2\/users\/1"}],"replies":[{"embeddable":true,"href":"https:\/\/frisch-gestrichen.com\/index.php?rest_route=%2Fwp%2Fv2%2Fcomments&post=31"}],"version-history":[{"count":21,"href":"https:\/\/frisch-gestrichen.com\/index.php?rest_route=\/wp\/v2\/pages\/31\/revisions"}],"predecessor-version":[{"id":968,"href":"https:\/\/frisch-gestrichen.com\/index.php?rest_route=\/wp\/v2\/pages\/31\/revisions\/968"}],"wp:attachment":[{"href":"https:\/\/frisch-gestrichen.com\/index.php?rest_route=%2Fwp%2Fv2%2Fmedia&parent=31"}],"curies":[{"name":"wp","href":"https:\/\/api.w.org\/{rel}","templated":true}]}}